{"id":57,"date":"2025-07-23T08:55:29","date_gmt":"2025-07-23T08:55:29","guid":{"rendered":"http:\/\/www.qdfinestcaps.com\/?page_id=57"},"modified":"2025-08-01T02:42:23","modified_gmt":"2025-08-01T02:42:23","slug":"about-us","status":"publish","type":"page","link":"https:\/\/www.qdfinestcaps.com\/es\/about-us\/","title":{"rendered":"introducir"},"content":{"rendered":"<div data-elementor-type=\"wp-page\" data-elementor-id=\"57\" class=\"elementor elementor-57\" data-elementor-post-type=\"page\">\n\t\t\t\t<div class=\"elementor-element elementor-element-6fd9c12 e-flex e-con-boxed e-con e-parent\" data-id=\"6fd9c12\" data-element_type=\"container\">\n\t\t\t\t\t<div class=\"e-con-inner\">\n\t\t\t\t<div class=\"elementor-element elementor-element-df368ee elementor-widget elementor-widget-text-editor\" data-id=\"df368ee\" data-element_type=\"widget\" data-widget_type=\"text-editor.default\">\n\t\t\t\t\t\t\t\t\t<p><a href=\"\/es\/\">Inicio<\/a> \/ Qui\u00e9nes somos<\/p>\t\t\t\t\t\t\t\t<\/div>\n\t\t\t\t\t<\/div>\n\t\t\t\t<\/div>\n\t\t<div class=\"elementor-element elementor-element-268a09c e-flex e-con-boxed e-con e-parent\" data-id=\"268a09c\" data-element_type=\"container\">\n\t\t\t\t\t<div class=\"e-con-inner\">\n\t\t\t\t<div class=\"elementor-element elementor-element-f6fd071 elementor-widget elementor-widget-heading\" data-id=\"f6fd071\" data-element_type=\"widget\" data-widget_type=\"heading.default\">\n\t\t\t\t\t<h2 class=\"elementor-heading-title elementor-size-default\">Acerca de Finest<\/h2>\t\t\t\t<\/div>\n\t\t\t\t\t<\/div>\n\t\t\t\t<\/div>\n\t\t<div class=\"elementor-element elementor-element-c107f5d e-flex e-con-boxed e-con e-parent\" data-id=\"c107f5d\" data-element_type=\"container\">\n\t\t\t\t\t<div class=\"e-con-inner\">\n\t\t<div class=\"elementor-element elementor-element-de93b30 e-con-full e-flex e-con e-child\" data-id=\"de93b30\" data-element_type=\"container\">\n\t\t\t\t<div class=\"elementor-element elementor-element-e04eeca elementor-widget elementor-widget-text-editor\" data-id=\"e04eeca\" data-element_type=\"widget\" data-widget_type=\"text-editor.default\">\n\t\t\t\t\t\t\t\t\t<p>Qingdao Finest Hat Industry Co., Ltd. est\u00e1 situada en la hermosa y rica costa de la bah\u00eda de Jiaozhou, en Shandong, China. Es una empresa profesional de fabricaci\u00f3n de sombreros que integra costura, dise\u00f1o y conformado, planchado y otros procesos. El transporte por tierra, agua y aire es c\u00f3modo<\/p>\t\t\t\t\t\t\t\t<\/div>\n\t\t\t\t<\/div>\n\t\t<div class=\"elementor-element elementor-element-487b40a e-con-full e-flex e-con e-child\" data-id=\"487b40a\" data-element_type=\"container\">\n\t\t\t\t<div class=\"elementor-element elementor-element-f3470f6 elementor-widget elementor-widget-image\" data-id=\"f3470f6\" data-element_type=\"widget\" data-widget_type=\"image.default\">\n\t\t\t\t\t\t\t\t\t\t\t\t\t\t\t<img fetchpriority=\"high\" decoding=\"async\" width=\"672\" height=\"378\" src=\"https:\/\/www.qdfinestcaps.com\/daima\/wp-content\/uploads\/2025\/07\/\u5fae\u4fe1\u56fe\u7247_20250720085115.webp\" class=\"attachment-large size-large wp-image-308\" alt=\"finestcaps\" srcset=\"https:\/\/www.qdfinestcaps.com\/daima\/wp-content\/uploads\/2025\/07\/\u5fae\u4fe1\u56fe\u7247_20250720085115.webp 672w, https:\/\/www.qdfinestcaps.com\/daima\/wp-content\/uploads\/2025\/07\/\u5fae\u4fe1\u56fe\u7247_20250720085115-600x338.webp 600w, https:\/\/www.qdfinestcaps.com\/daima\/wp-content\/uploads\/2025\/07\/\u5fae\u4fe1\u56fe\u7247_20250720085115-300x169.webp 300w\" sizes=\"(max-width: 672px) 100vw, 672px\" \/>\t\t\t\t\t\t\t\t\t\t\t\t\t\t\t<\/div>\n\t\t\t\t<\/div>\n\t\t<div class=\"elementor-element elementor-element-4ad129b e-con-full e-flex e-con e-child\" data-id=\"4ad129b\" data-element_type=\"container\">\n\t\t\t\t<div class=\"elementor-element elementor-element-314a5a5 elementor-widget elementor-widget-image\" data-id=\"314a5a5\" data-element_type=\"widget\" data-widget_type=\"image.default\">\n\t\t\t\t\t\t\t\t\t\t\t\t\t\t\t<img decoding=\"async\" width=\"1024\" height=\"768\" src=\"https:\/\/www.qdfinestcaps.com\/daima\/wp-content\/uploads\/2025\/07\/\u5fae\u4fe1\u56fe\u7247_20250720084746-1024x768.webp\" class=\"attachment-large size-large wp-image-304\" alt=\"sample room\" srcset=\"https:\/\/www.qdfinestcaps.com\/daima\/wp-content\/uploads\/2025\/07\/\u5fae\u4fe1\u56fe\u7247_20250720084746-1024x768.webp 1024w, https:\/\/www.qdfinestcaps.com\/daima\/wp-content\/uploads\/2025\/07\/\u5fae\u4fe1\u56fe\u7247_20250720084746-scaled-600x450.webp 600w, https:\/\/www.qdfinestcaps.com\/daima\/wp-content\/uploads\/2025\/07\/\u5fae\u4fe1\u56fe\u7247_20250720084746-300x225.webp 300w, https:\/\/www.qdfinestcaps.com\/daima\/wp-content\/uploads\/2025\/07\/\u5fae\u4fe1\u56fe\u7247_20250720084746-768x576.webp 768w, https:\/\/www.qdfinestcaps.com\/daima\/wp-content\/uploads\/2025\/07\/\u5fae\u4fe1\u56fe\u7247_20250720084746-1536x1152.webp 1536w, https:\/\/www.qdfinestcaps.com\/daima\/wp-content\/uploads\/2025\/07\/\u5fae\u4fe1\u56fe\u7247_20250720084746-2048x1536.webp 2048w\" sizes=\"(max-width: 1024px) 100vw, 1024px\" \/>\t\t\t\t\t\t\t\t\t\t\t\t\t\t\t<\/div>\n\t\t\t\t<\/div>\n\t\t<div class=\"elementor-element elementor-element-c8c4819 e-con-full e-flex e-con e-child\" data-id=\"c8c4819\" data-element_type=\"container\">\n\t\t\t\t<div class=\"elementor-element elementor-element-ddbcf3d elementor-widget elementor-widget-text-editor\" data-id=\"ddbcf3d\" data-element_type=\"widget\" data-widget_type=\"text-editor.default\">\n\t\t\t\t\t\t\t\t\t<p>La empresa ocupa una superficie de m\u00e1s de 20000 metros cuadrados y cuenta con avanzados equipos de producci\u00f3n y una gran capacidad t\u00e9cnica. Produce principalmente diversas gorras bordadas, gorras de golf, gorras publicitarias, gorras de caballero, gafas de sol y otras series de sombreros. Los materiales incluyen gasa, diamante de poli\u00e9ster, terciopelo, pana y cuero de tela de algod\u00f3n grueso. El dise\u00f1o es elegante y los estilos novedosos. Los productos se han vendido a m\u00e1s de diez pa\u00edses y regiones como Europa, Sudam\u00e9rica y Norteam\u00e9rica, y han recibido grandes elogios. La empresa tambi\u00e9n puede aceptar pedidos especiales (procesados con materiales suministrados o seg\u00fan el dise\u00f1o del usuario).<\/p>\t\t\t\t\t\t\t\t<\/div>\n\t\t\t\t<\/div>\n\t\t<div class=\"elementor-element elementor-element-9ce5654 e-con-full e-flex e-con e-child\" data-id=\"9ce5654\" data-element_type=\"container\">\n\t\t<div class=\"elementor-element elementor-element-4709cb0 e-con-full e-flex e-con e-child\" data-id=\"4709cb0\" data-element_type=\"container\">\n\t\t\t\t<div class=\"elementor-element elementor-element-f8c66c4 elementor-widget elementor-widget-text-editor\" data-id=\"f8c66c4\" data-element_type=\"widget\" data-widget_type=\"text-editor.default\">\n\t\t\t\t\t\t\t\t\t<p>Siguiendo el esp\u00edritu corporativo de \"superarse a s\u00ed mismo y perseguir la excelencia\", nos esforzamos por sobrevivir a trav\u00e9s de la calidad y desarrollarnos a trav\u00e9s de la reputaci\u00f3n, garantizando una calidad de primera clase y construyendo una marca bien conocida. La Sra. Qiu Juan, Directora General, y todo el personal de Finest dan una calurosa bienvenida a nuevos y antiguos clientes para que nos visiten y nos patrocinen.<\/p>\t\t\t\t\t\t\t\t<\/div>\n\t\t\t\t<\/div>\n\t\t<div class=\"elementor-element elementor-element-3edfad0 e-con-full e-flex e-con e-child\" data-id=\"3edfad0\" data-element_type=\"container\">\n\t\t\t\t<div class=\"elementor-element elementor-element-e9ad7c5 elementor-widget elementor-widget-image\" data-id=\"e9ad7c5\" data-element_type=\"widget\" data-widget_type=\"image.default\">\n\t\t\t\t\t\t\t\t\t\t\t\t\t\t\t<img decoding=\"async\" width=\"971\" height=\"720\" src=\"https:\/\/www.qdfinestcaps.com\/daima\/wp-content\/uploads\/2025\/07\/Factory-building-3.webp\" class=\"attachment-large size-large wp-image-1438\" alt=\"\" srcset=\"https:\/\/www.qdfinestcaps.com\/daima\/wp-content\/uploads\/2025\/07\/Factory-building-3.webp 971w, https:\/\/www.qdfinestcaps.com\/daima\/wp-content\/uploads\/2025\/07\/Factory-building-3-600x445.webp 600w, https:\/\/www.qdfinestcaps.com\/daima\/wp-content\/uploads\/2025\/07\/Factory-building-3-300x222.webp 300w, https:\/\/www.qdfinestcaps.com\/daima\/wp-content\/uploads\/2025\/07\/Factory-building-3-768x569.webp 768w\" sizes=\"(max-width: 971px) 100vw, 971px\" \/>\t\t\t\t\t\t\t\t\t\t\t\t\t\t\t<\/div>\n\t\t\t\t<\/div>\n\t\t\t\t<\/div>\n\t\t\t\t\t<\/div>\n\t\t\t\t<\/div>\n\t\t<div class=\"elementor-element elementor-element-e4b2521 e-flex e-con-boxed e-con e-parent\" data-id=\"e4b2521\" data-element_type=\"container\">\n\t\t\t\t\t<div class=\"e-con-inner\">\n\t\t\t\t<div class=\"elementor-element elementor-element-526a2a8 elementor-widget elementor-widget-gallery\" data-id=\"526a2a8\" data-element_type=\"widget\" data-settings=\"{&quot;columns&quot;:5,&quot;lazyload&quot;:&quot;yes&quot;,&quot;gallery_layout&quot;:&quot;grid&quot;,&quot;columns_tablet&quot;:2,&quot;columns_mobile&quot;:1,&quot;gap&quot;:{&quot;unit&quot;:&quot;px&quot;,&quot;size&quot;:10,&quot;sizes&quot;:[]},&quot;gap_tablet&quot;:{&quot;unit&quot;:&quot;px&quot;,&quot;size&quot;:10,&quot;sizes&quot;:[]},&quot;gap_mobile&quot;:{&quot;unit&quot;:&quot;px&quot;,&quot;size&quot;:10,&quot;sizes&quot;:[]},&quot;link_to&quot;:&quot;file&quot;,&quot;aspect_ratio&quot;:&quot;3:2&quot;,&quot;overlay_background&quot;:&quot;yes&quot;,&quot;content_hover_animation&quot;:&quot;fade-in&quot;}\" data-widget_type=\"gallery.default\">\n\t\t\t\t\t\t\t<div class=\"elementor-gallery__container\">\n\t\t\t\t\t\t\t<a class=\"e-gallery-item elementor-gallery-item elementor-animated-content\" href=\"https:\/\/www.qdfinestcaps.com\/daima\/wp-content\/uploads\/2025\/07\/Factory-building-2.webp\" data-elementor-open-lightbox=\"yes\" data-elementor-lightbox-slideshow=\"526a2a8\" data-elementor-lightbox-title=\"Factory building (2)\" data-e-action-hash=\"#elementor-action%3Aaction%3Dlightbox%26settings%3DeyJpZCI6MzIwLCJ1cmwiOiJodHRwczpcL1wvd3d3LnFkZmluZXN0Y2Fwcy5jb21cL2RhaW1hXC93cC1jb250ZW50XC91cGxvYWRzXC8yMDI1XC8wN1wvRmFjdG9yeS1idWlsZGluZy0yLndlYnAiLCJzbGlkZXNob3ciOiI1MjZhMmE4In0%3D\">\n\t\t\t\t\t<div class=\"e-gallery-image elementor-gallery-item__image\" data-thumbnail=\"https:\/\/www.qdfinestcaps.com\/daima\/wp-content\/uploads\/2025\/07\/Factory-building-2-300x169.webp\" data-width=\"300\" data-height=\"169\" aria-label=\"\" role=\"img\" ><\/div>\n\t\t\t\t\t\t\t\t\t\t\t<div class=\"elementor-gallery-item__overlay\"><\/div>\n\t\t\t\t\t\t\t\t\t\t\t\t\t\t<\/a>\n\t\t\t\t\t\t\t<a class=\"e-gallery-item elementor-gallery-item elementor-animated-content\" href=\"https:\/\/www.qdfinestcaps.com\/daima\/wp-content\/uploads\/2025\/07\/\u5fae\u4fe1\u56fe\u7247_20250720084743-scaled.webp\" data-elementor-open-lightbox=\"yes\" data-elementor-lightbox-slideshow=\"526a2a8\" data-elementor-lightbox-title=\"Hat sample room\" data-elementor-lightbox-description=\"Hat sample room\" data-e-action-hash=\"#elementor-action%3Aaction%3Dlightbox%26settings%3DeyJpZCI6MzIxLCJ1cmwiOiJodHRwczpcL1wvd3d3LnFkZmluZXN0Y2Fwcy5jb21cL2RhaW1hXC93cC1jb250ZW50XC91cGxvYWRzXC8yMDI1XC8wN1wvXHU1ZmFlXHU0ZmUxXHU1NmZlXHU3MjQ3XzIwMjUwNzIwMDg0NzQzLXNjYWxlZC53ZWJwIiwic2xpZGVzaG93IjoiNTI2YTJhOCJ9\">\n\t\t\t\t\t<div class=\"e-gallery-image elementor-gallery-item__image\" data-thumbnail=\"https:\/\/www.qdfinestcaps.com\/daima\/wp-content\/uploads\/2025\/07\/\u5fae\u4fe1\u56fe\u7247_20250720084743-300x225.webp\" data-width=\"300\" data-height=\"225\" aria-label=\"Sala de muestras de sombreros\" role=\"img\" ><\/div>\n\t\t\t\t\t\t\t\t\t\t\t<div class=\"elementor-gallery-item__overlay\"><\/div>\n\t\t\t\t\t\t\t\t\t\t\t\t\t\t<\/a>\n\t\t\t\t\t\t\t<a class=\"e-gallery-item elementor-gallery-item elementor-animated-content\" href=\"https:\/\/www.qdfinestcaps.com\/daima\/wp-content\/uploads\/2025\/07\/\u5fae\u4fe1\u56fe\u7247_20250720084745-scaled.webp\" data-elementor-open-lightbox=\"yes\" data-elementor-lightbox-slideshow=\"526a2a8\" data-elementor-lightbox-title=\"CAPS\" data-elementor-lightbox-description=\"CAPS\" data-e-action-hash=\"#elementor-action%3Aaction%3Dlightbox%26settings%3DeyJpZCI6MzIyLCJ1cmwiOiJodHRwczpcL1wvd3d3LnFkZmluZXN0Y2Fwcy5jb21cL2RhaW1hXC93cC1jb250ZW50XC91cGxvYWRzXC8yMDI1XC8wN1wvXHU1ZmFlXHU0ZmUxXHU1NmZlXHU3MjQ3XzIwMjUwNzIwMDg0NzQ1LXNjYWxlZC53ZWJwIiwic2xpZGVzaG93IjoiNTI2YTJhOCJ9\">\n\t\t\t\t\t<div class=\"e-gallery-image elementor-gallery-item__image\" data-thumbnail=\"https:\/\/www.qdfinestcaps.com\/daima\/wp-content\/uploads\/2025\/07\/\u5fae\u4fe1\u56fe\u7247_20250720084745-300x225.webp\" data-width=\"300\" data-height=\"225\" aria-label=\"MAY\u00daSCULAS\" role=\"img\" ><\/div>\n\t\t\t\t\t\t\t\t\t\t\t<div class=\"elementor-gallery-item__overlay\"><\/div>\n\t\t\t\t\t\t\t\t\t\t\t\t\t\t<\/a>\n\t\t\t\t\t\t\t<a class=\"e-gallery-item elementor-gallery-item elementor-animated-content\" href=\"https:\/\/www.qdfinestcaps.com\/daima\/wp-content\/uploads\/2025\/07\/\u5fae\u4fe1\u56fe\u7247_20250720085339-scaled.webp\" data-elementor-open-lightbox=\"yes\" data-elementor-lightbox-slideshow=\"526a2a8\" data-elementor-lightbox-title=\"\u5fae\u4fe1\u56fe\u7247_20250720085339\" data-e-action-hash=\"#elementor-action%3Aaction%3Dlightbox%26settings%3DeyJpZCI6MzIzLCJ1cmwiOiJodHRwczpcL1wvd3d3LnFkZmluZXN0Y2Fwcy5jb21cL2RhaW1hXC93cC1jb250ZW50XC91cGxvYWRzXC8yMDI1XC8wN1wvXHU1ZmFlXHU0ZmUxXHU1NmZlXHU3MjQ3XzIwMjUwNzIwMDg1MzM5LXNjYWxlZC53ZWJwIiwic2xpZGVzaG93IjoiNTI2YTJhOCJ9\">\n\t\t\t\t\t<div class=\"e-gallery-image elementor-gallery-item__image\" data-thumbnail=\"https:\/\/www.qdfinestcaps.com\/daima\/wp-content\/uploads\/2025\/07\/\u5fae\u4fe1\u56fe\u7247_20250720085339-300x225.webp\" data-width=\"300\" data-height=\"225\" aria-label=\"\" role=\"img\" ><\/div>\n\t\t\t\t\t\t\t\t\t\t\t<div class=\"elementor-gallery-item__overlay\"><\/div>\n\t\t\t\t\t\t\t\t\t\t\t\t\t\t<\/a>\n\t\t\t\t\t\t\t<a class=\"e-gallery-item elementor-gallery-item elementor-animated-content\" href=\"https:\/\/www.qdfinestcaps.com\/daima\/wp-content\/uploads\/2025\/07\/\u5fae\u4fe1\u56fe\u7247_20250720093125.webp\" data-elementor-open-lightbox=\"yes\" data-elementor-lightbox-slideshow=\"526a2a8\" data-elementor-lightbox-title=\"\u5fae\u4fe1\u56fe\u7247_20250720093125\" data-e-action-hash=\"#elementor-action%3Aaction%3Dlightbox%26settings%3DeyJpZCI6MzI0LCJ1cmwiOiJodHRwczpcL1wvd3d3LnFkZmluZXN0Y2Fwcy5jb21cL2RhaW1hXC93cC1jb250ZW50XC91cGxvYWRzXC8yMDI1XC8wN1wvXHU1ZmFlXHU0ZmUxXHU1NmZlXHU3MjQ3XzIwMjUwNzIwMDkzMTI1LndlYnAiLCJzbGlkZXNob3ciOiI1MjZhMmE4In0%3D\">\n\t\t\t\t\t<div class=\"e-gallery-image elementor-gallery-item__image\" data-thumbnail=\"https:\/\/www.qdfinestcaps.com\/daima\/wp-content\/uploads\/2025\/07\/\u5fae\u4fe1\u56fe\u7247_20250720093125-300x186.webp\" data-width=\"300\" data-height=\"186\" aria-label=\"\" role=\"img\" ><\/div>\n\t\t\t\t\t\t\t\t\t\t\t<div class=\"elementor-gallery-item__overlay\"><\/div>\n\t\t\t\t\t\t\t\t\t\t\t\t\t\t<\/a>\n\t\t\t\t\t<\/div>\n\t\t\t\t\t<\/div>\n\t\t\t\t\t<\/div>\n\t\t\t\t<\/div>\n\t\t\t\t<\/div>","protected":false},"excerpt":{"rendered":"<p>Inicio \/ Sobre nosotros Sobre Finest Qingdao Finest Hat Industry Co., Ltd. se encuentra en la hermosa y rica costa [...]<\/p>","protected":false},"author":1,"featured_media":0,"parent":0,"menu_order":0,"comment_status":"closed","ping_status":"closed","template":"","meta":{"site-sidebar-layout":"no-sidebar","site-content-layout":"","ast-site-content-layout":"full-width-container","site-content-style":"default","site-sidebar-style":"default","ast-global-header-display":"","ast-banner-title-visibility":"","ast-main-header-display":"","ast-hfb-above-header-display":"","ast-hfb-below-header-display":"","ast-hfb-mobile-header-display":"","site-post-title":"disabled","ast-breadcrumbs-content":"","ast-featured-img":"disabled","footer-sml-layout":"","theme-transparent-header-meta":"","adv-header-id-meta":"","stick-header-meta":"","header-above-stick-meta":"","header-main-stick-meta":"","header-below-stick-meta":"","astra-migrate-meta-layouts":"default","ast-page-background-enabled":"default","ast-page-background-meta":{"desktop":{"background-color":"var(--ast-global-color-5)","background-image":"","background-repeat":"repeat","background-position":"center center","background-size":"auto","background-attachment":"scroll","background-type":"","background-media":"","overlay-type":"","overlay-color":"","overlay-opacity":"","overlay-gradient":""},"tablet":{"background-color":"","background-image":"","background-repeat":"repeat","background-position":"center center","background-size":"auto","background-attachment":"scroll","background-type":"","background-media":"","overlay-type":"","overlay-color":"","overlay-opacity":"","overlay-gradient":""},"mobile":{"background-color":"","background-image":"","background-repeat":"repeat","background-position":"center center","background-size":"auto","background-attachment":"scroll","background-type":"","background-media":"","overlay-type":"","overlay-color":"","overlay-opacity":"","overlay-gradient":""}},"ast-content-background-meta":{"desktop":{"background-color":"var(--ast-global-color-4)","background-image":"","background-repeat":"repeat","background-position":"center center","background-size":"auto","background-attachment":"scroll","background-type":"","background-media":"","overlay-type":"","overlay-color":"","overlay-opacity":"","overlay-gradient":""},"tablet":{"background-color":"var(--ast-global-color-4)","background-image":"","background-repeat":"repeat","background-position":"center center","background-size":"auto","background-attachment":"scroll","background-type":"","background-media":"","overlay-type":"","overlay-color":"","overlay-opacity":"","overlay-gradient":""},"mobile":{"background-color":"var(--ast-global-color-4)","background-image":"","background-repeat":"repeat","background-position":"center center","background-size":"auto","background-attachment":"scroll","background-type":"","background-media":"","overlay-type":"","overlay-color":"","overlay-opacity":"","overlay-gradient":""}},"footnotes":""},"class_list":["post-57","page","type-page","status-publish","hentry"],"_links":{"self":[{"href":"https:\/\/www.qdfinestcaps.com\/es\/wp-json\/wp\/v2\/pages\/57","targetHints":{"allow":["GET"]}}],"collection":[{"href":"https:\/\/www.qdfinestcaps.com\/es\/wp-json\/wp\/v2\/pages"}],"about":[{"href":"https:\/\/www.qdfinestcaps.com\/es\/wp-json\/wp\/v2\/types\/page"}],"author":[{"embeddable":true,"href":"https:\/\/www.qdfinestcaps.com\/es\/wp-json\/wp\/v2\/users\/1"}],"replies":[{"embeddable":true,"href":"https:\/\/www.qdfinestcaps.com\/es\/wp-json\/wp\/v2\/comments?post=57"}],"version-history":[{"count":0,"href":"https:\/\/www.qdfinestcaps.com\/es\/wp-json\/wp\/v2\/pages\/57\/revisions"}],"wp:attachment":[{"href":"https:\/\/www.qdfinestcaps.com\/es\/wp-json\/wp\/v2\/media?parent=57"}],"curies":[{"name":"wp","href":"https:\/\/api.w.org\/{rel}","templated":true}]}}